{"id":47,"date":"2023-05-18T20:41:07","date_gmt":"2023-05-19T00:41:07","guid":{"rendered":"https:\/\/tgemaisonneuve.com\/?page_id=47"},"modified":"2024-02-15T09:21:16","modified_gmt":"2024-02-15T14:21:16","slug":"programmes","status":"publish","type":"page","link":"https:\/\/tgemaisonneuve.com\/index.php\/programmes\/","title":{"rendered":"Programmes"},"content":{"rendered":"<style>.kb-row-layout-id47_031159-3f > .kt-row-column-wrap{align-content:start;}:where(.kb-row-layout-id47_031159-3f > .kt-row-column-wrap) > .wp-block-kadence-column{justify-content:start;}.kb-row-layout-id47_031159-3f > .kt-row-column-wrap{column-gap:var(--global-kb-gap-md, 2rem);row-gap:var(--global-kb-gap-md, 2rem);max-width:var( --global-content-width, 1290px );padding-left:var(--global-content-edge-padding);padding-right:var(--global-content-edge-padding);padding-top:150px;padding-bottom:60px;grid-template-columns:minmax(0, 1fr);}.kb-row-layout-id47_031159-3f{background-image:url('https:\/\/tgemaisonneuve.com\/wp-content\/uploads\/2021\/11\/dot-grid.jpg');background-size:auto;background-position:center center;background-attachment:scroll;background-repeat:repeat;}.kb-row-layout-id47_031159-3f > .kt-row-layout-overlay{opacity:1;background:linear-gradient(112deg,var(--global-palette1,#2B6CB0) 0%,var(--global-palette2,#265E9A) 100%);mix-blend-mode:multiply;}@media all and (max-width: 1024px){.kb-row-layout-id47_031159-3f > .kt-row-column-wrap{grid-template-columns:minmax(0, 1fr);}}@media all and (max-width: 767px){.kb-row-layout-id47_031159-3f > .kt-row-column-wrap{grid-template-columns:minmax(0, 1fr);}}<\/style><div class=\"kb-row-layout-wrap kb-row-layout-id47_031159-3f alignnone kt-row-has-bg wp-block-kadence-rowlayout\"><div class=\"kt-row-layout-overlay kt-row-overlay-gradient\"><\/div><div class=\"kt-row-column-wrap kt-has-1-columns kt-row-layout-equal kt-tab-layout-inherit kt-mobile-layout-row kt-row-valign-top kb-theme-content-width\">\n<style>.kadence-column47_1c05cf-d6 > .kt-inside-inner-col,.kadence-column47_1c05cf-d6 > .kt-inside-inner-col:before{border-top-left-radius:0px;border-top-right-radius:0px;border-bottom-right-radius:0px;border-bottom-left-radius:0px;}.kadence-column47_1c05cf-d6 > .kt-inside-inner-col{column-gap:var(--global-kb-gap-sm, 1rem);}.kadence-column47_1c05cf-d6 > .kt-inside-inner-col{flex-direction:column;}.kadence-column47_1c05cf-d6 > .kt-inside-inner-col > .aligncenter{width:100%;}.kadence-column47_1c05cf-d6 > .kt-inside-inner-col:before{opacity:0.3;}.kadence-column47_1c05cf-d6{position:relative;}@media all and (max-width: 1024px){.kadence-column47_1c05cf-d6 > .kt-inside-inner-col{flex-direction:column;justify-content:center;}}@media all and (max-width: 767px){.kadence-column47_1c05cf-d6 > .kt-inside-inner-col{flex-direction:column;justify-content:center;}}<\/style>\n<div class=\"wp-block-kadence-column kadence-column47_1c05cf-d6\"><div class=\"kt-inside-inner-col\">\n<h2 class=\"wp-block-heading has-theme-palette-9-color has-text-color\" style=\"text-transform:uppercase\">Nos Programmes techniques<\/h2>\n<\/div><\/div>\n\n<\/div><\/div>\n\n<style>.kb-row-layout-id47_fdf40d-4c > .kt-row-column-wrap{align-content:start;}:where(.kb-row-layout-id47_fdf40d-4c > .kt-row-column-wrap) > .wp-block-kadence-column{justify-content:start;}.kb-row-layout-id47_fdf40d-4c > .kt-row-column-wrap{column-gap:var(--global-kb-gap-md, 2rem);row-gap:var(--global-kb-gap-md, 2rem);max-width:var( --global-content-width, 1290px );padding-left:var(--global-content-edge-padding);padding-right:var(--global-content-edge-padding);padding-top:var(--global-kb-spacing-sm, 1.5rem);padding-bottom:var(--global-kb-spacing-sm, 1.5rem);grid-template-columns:minmax(0, 1fr);}.kb-row-layout-id47_fdf40d-4c > .kt-row-layout-overlay{opacity:0.30;}@media all and (max-width: 1024px){.kb-row-layout-id47_fdf40d-4c > .kt-row-column-wrap{grid-template-columns:minmax(0, 1fr);}}@media all and (max-width: 767px){.kb-row-layout-id47_fdf40d-4c > .kt-row-column-wrap{grid-template-columns:minmax(0, 1fr);}}<\/style><div class=\"kb-row-layout-wrap kb-row-layout-id47_fdf40d-4c alignnone wp-block-kadence-rowlayout\"><div class=\"kt-row-column-wrap kt-has-1-columns kt-row-layout-equal kt-tab-layout-inherit kt-mobile-layout-row kt-row-valign-top kb-theme-content-width\">\n<style>.kadence-column47_51d54b-d1 > .kt-inside-inner-col,.kadence-column47_51d54b-d1 > .kt-inside-inner-col:before{border-top-left-radius:0px;border-top-right-radius:0px;border-bottom-right-radius:0px;border-bottom-left-radius:0px;}.kadence-column47_51d54b-d1 > .kt-inside-inner-col{column-gap:var(--global-kb-gap-sm, 1rem);}.kadence-column47_51d54b-d1 > .kt-inside-inner-col{flex-direction:column;}.kadence-column47_51d54b-d1 > .kt-inside-inner-col > .aligncenter{width:100%;}.kadence-column47_51d54b-d1 > .kt-inside-inner-col:before{opacity:0.3;}.kadence-column47_51d54b-d1{position:relative;}@media all and (max-width: 1024px){.kadence-column47_51d54b-d1 > .kt-inside-inner-col{flex-direction:column;justify-content:center;}}@media all and (max-width: 767px){.kadence-column47_51d54b-d1 > .kt-inside-inner-col{flex-direction:column;justify-content:center;}}<\/style>\n<div class=\"wp-block-kadence-column kadence-column47_51d54b-d1\"><div class=\"kt-inside-inner-col\">\n<blockquote class=\"wp-block-quote is-layout-flow wp-block-quote-is-layout-flow\">\n<p>Le d\u00e9partement de g\u00e9nie \u00e9lectrique propose actuellement deux programmes techniques qui m\u00e8nent \u00e0 l\u2019obtention d\u2019un Dipl\u00f4me d\u2019\u00c9tudes Coll\u00e9giales (DEC).<\/p>\n<\/blockquote>\n<\/div><\/div>\n\n<\/div><\/div>\n\n<style>.kb-row-layout-id47_fb1c68-72 > .kt-row-column-wrap{align-content:start;}:where(.kb-row-layout-id47_fb1c68-72 > .kt-row-column-wrap) > .wp-block-kadence-column{justify-content:start;}.kb-row-layout-id47_fb1c68-72 > .kt-row-column-wrap{column-gap:var(--global-kb-gap-md, 2rem);row-gap:var(--global-kb-gap-md, 2rem);max-width:var( --global-content-width, 1290px );padding-left:var(--global-content-edge-padding);padding-right:var(--global-content-edge-padding);padding-top:var(--global-kb-spacing-sm, 1.5rem);padding-bottom:var(--global-kb-spacing-xl, 4rem);grid-template-columns:repeat(2, minmax(0, 1fr));}.kb-row-layout-id47_fb1c68-72 > .kt-row-layout-overlay{opacity:0.30;}@media all and (max-width: 1024px){.kb-row-layout-id47_fb1c68-72 > .kt-row-column-wrap{grid-template-columns:repeat(2, minmax(0, 1fr));}}@media all and (max-width: 767px){.kb-row-layout-id47_fb1c68-72 > .kt-row-column-wrap{grid-template-columns:minmax(0, 1fr);}}<\/style><div class=\"kb-row-layout-wrap kb-row-layout-id47_fb1c68-72 alignnone wp-block-kadence-rowlayout\"><div class=\"kt-row-column-wrap kt-has-2-columns kt-row-layout-equal kt-tab-layout-inherit kt-mobile-layout-row kt-row-valign-top kb-theme-content-width\">\n<style>.kadence-column47_3295a5-52 > .kt-inside-inner-col,.kadence-column47_3295a5-52 > .kt-inside-inner-col:before{border-top-left-radius:0px;border-top-right-radius:0px;border-bottom-right-radius:0px;border-bottom-left-radius:0px;}.kadence-column47_3295a5-52 > .kt-inside-inner-col{column-gap:var(--global-kb-gap-sm, 1rem);}.kadence-column47_3295a5-52 > .kt-inside-inner-col{flex-direction:column;}.kadence-column47_3295a5-52 > .kt-inside-inner-col > .aligncenter{width:100%;}.kadence-column47_3295a5-52 > .kt-inside-inner-col:before{opacity:0.3;}.kadence-column47_3295a5-52{position:relative;}@media all and (max-width: 1024px){.kadence-column47_3295a5-52 > .kt-inside-inner-col{flex-direction:column;justify-content:center;}}@media all and (max-width: 767px){.kadence-column47_3295a5-52 > .kt-inside-inner-col{flex-direction:column;justify-content:center;}}<\/style>\n<div class=\"wp-block-kadence-column kadence-column47_3295a5-52\"><div class=\"kt-inside-inner-col\">\n<h2 class=\"wp-block-heading\">\u00c9lectronique Programmable<\/h2>\n\n\n\n<p>Ce programme offre une formation sp\u00e9cialis\u00e9e dans l\u2019\u00e9lectronique et la  programmation, permettant aux \u00e9tudiants d\u2019acqu\u00e9rir des comp\u00e9tences  avanc\u00e9es pour concevoir, d\u00e9velopper et d\u00e9panner des syst\u00e8mes  \u00e9lectroniques programmables. <\/p>\n\n\n\n<div class=\"wp-block-buttons is-content-justification-center is-layout-flex wp-container-core-buttons-is-layout-16018d1d wp-block-buttons-is-layout-flex\">\n<div class=\"wp-block-button\"><a class=\"wp-block-button__link has-text-align-center wp-element-button\" href=\"https:\/\/tgemaisonneuve.com\/index.php\/programmes\/programme-delectronique-programmable\/\">En savoir plus<\/a><\/div>\n<\/div>\n<\/div><\/div>\n\n\n<style>.kadence-column47_0434c9-ce > .kt-inside-inner-col,.kadence-column47_0434c9-ce > .kt-inside-inner-col:before{border-top-left-radius:0px;border-top-right-radius:0px;border-bottom-right-radius:0px;border-bottom-left-radius:0px;}.kadence-column47_0434c9-ce > .kt-inside-inner-col{column-gap:var(--global-kb-gap-sm, 1rem);}.kadence-column47_0434c9-ce > .kt-inside-inner-col{flex-direction:column;}.kadence-column47_0434c9-ce > .kt-inside-inner-col > .aligncenter{width:100%;}.kadence-column47_0434c9-ce > .kt-inside-inner-col:before{opacity:0.3;}.kadence-column47_0434c9-ce{position:relative;}@media all and (max-width: 1024px){.kadence-column47_0434c9-ce > .kt-inside-inner-col{flex-direction:column;justify-content:center;}}@media all and (max-width: 767px){.kadence-column47_0434c9-ce > .kt-inside-inner-col{flex-direction:column;justify-content:center;}}<\/style>\n<div class=\"wp-block-kadence-column kadence-column47_0434c9-ce\"><div class=\"kt-inside-inner-col\">\n<h2 class=\"wp-block-heading\">R\u00e9seaux &amp; T\u00e9l\u00e9communications<\/h2>\n\n\n\n<p>Ce programme offre une formation sp\u00e9cialis\u00e9e dans le domaine des communications modernes telles que les r\u00e9seaux de communication, les protocoles de communication, la transmission de donn\u00e9es, la technologie sans fil, la fibre optique et la s\u00e9curit\u00e9 des r\u00e9seaux. <\/p>\n\n\n\n<div class=\"wp-block-buttons is-content-justification-center is-layout-flex wp-container-core-buttons-is-layout-16018d1d wp-block-buttons-is-layout-flex\">\n<div class=\"wp-block-button\"><a class=\"wp-block-button__link has-text-align-center wp-element-button\" href=\"https:\/\/tgemaisonneuve.com\/index.php\/programmes\/programme-de-reseaux-telecommunications\/\">En savoir plus<\/a><\/div>\n<\/div>\n<\/div><\/div>\n\n<\/div><\/div>\n\n<style>.kb-row-layout-wrap.wp-block-kadence-rowlayout.kb-row-layout-id47_c99b70-30{margin-top:0px;}.kb-row-layout-id47_c99b70-30 > .kt-row-column-wrap{align-content:start;}:where(.kb-row-layout-id47_c99b70-30 > .kt-row-column-wrap) > .wp-block-kadence-column{justify-content:start;}.kb-row-layout-id47_c99b70-30 > .kt-row-column-wrap{column-gap:var(--global-kb-gap-md, 2rem);row-gap:var(--global-kb-gap-md, 2rem);max-width:var( --global-content-width, 1290px );padding-left:var(--global-content-edge-padding);padding-right:var(--global-content-edge-padding);padding-top:var(--global-kb-spacing-lg, 3rem);padding-bottom:var(--global-kb-spacing-lg, 3rem);grid-template-columns:minmax(0, 1fr) minmax(0, 2fr);}.kb-row-layout-id47_c99b70-30{background-image:url('https:\/\/tgemaisonneuve.com\/wp-content\/uploads\/2021\/11\/dot-grid.jpg');background-size:auto;background-position:center center;background-attachment:scroll;background-repeat:repeat;}.kb-row-layout-id47_c99b70-30 > .kt-row-layout-overlay{opacity:0.30;background-color:var(--global-palette7, #EDF2F7);}@media all and (max-width: 1024px){.kb-row-layout-id47_c99b70-30 > .kt-row-column-wrap{grid-template-columns:minmax(0, 1fr) minmax(0, 2fr);}}@media all and (max-width: 767px){.kb-row-layout-id47_c99b70-30 > .kt-row-column-wrap{grid-template-columns:minmax(0, 1fr);}}<\/style><div class=\"kb-row-layout-wrap kb-row-layout-id47_c99b70-30 alignnone has-theme-palette7-background-color kt-row-has-bg wp-block-kadence-rowlayout\"><div class=\"kt-row-layout-overlay kt-row-overlay-normal\"><\/div><div class=\"kt-row-column-wrap kt-has-2-columns kt-row-layout-right-golden kt-tab-layout-inherit kt-mobile-layout-row kt-row-valign-top kb-theme-content-width\">\n<style>.kadence-column47_c8bd2f-2c > .kt-inside-inner-col,.kadence-column47_c8bd2f-2c > .kt-inside-inner-col:before{border-top-left-radius:0px;border-top-right-radius:0px;border-bottom-right-radius:0px;border-bottom-left-radius:0px;}.kadence-column47_c8bd2f-2c > .kt-inside-inner-col{column-gap:var(--global-kb-gap-sm, 1rem);}.kadence-column47_c8bd2f-2c > .kt-inside-inner-col{flex-direction:column;}.kadence-column47_c8bd2f-2c > .kt-inside-inner-col > .aligncenter{width:100%;}.kadence-column47_c8bd2f-2c > .kt-inside-inner-col:before{opacity:0.3;}.kadence-column47_c8bd2f-2c{position:relative;}@media all and (max-width: 1024px){.kadence-column47_c8bd2f-2c > .kt-inside-inner-col{flex-direction:column;justify-content:center;}}@media all and (max-width: 767px){.kadence-column47_c8bd2f-2c > .kt-inside-inner-col{flex-direction:column;justify-content:center;}}<\/style>\n<div class=\"wp-block-kadence-column kadence-column47_c8bd2f-2c\"><div class=\"kt-inside-inner-col\">\n<figure class=\"wp-block-image size-full\"><img loading=\"lazy\" decoding=\"async\" width=\"400\" height=\"233\" src=\"https:\/\/tgemaisonneuve.com\/wp-content\/uploads\/2021\/11\/logo_03-1.png\" alt=\"\" class=\"wp-image-97\" srcset=\"https:\/\/tgemaisonneuve.com\/wp-content\/uploads\/2021\/11\/logo_03-1.png 400w, https:\/\/tgemaisonneuve.com\/wp-content\/uploads\/2021\/11\/logo_03-1-300x175.png 300w\" sizes=\"auto, (max-width: 400px) 100vw, 400px\" \/><\/figure>\n<\/div><\/div>\n\n\n<style>.kadence-column47_d49c7d-ce > .kt-inside-inner-col,.kadence-column47_d49c7d-ce > .kt-inside-inner-col:before{border-top-left-radius:0px;border-top-right-radius:0px;border-bottom-right-radius:0px;border-bottom-left-radius:0px;}.kadence-column47_d49c7d-ce > .kt-inside-inner-col{column-gap:var(--global-kb-gap-sm, 1rem);}.kadence-column47_d49c7d-ce > .kt-inside-inner-col{flex-direction:column;}.kadence-column47_d49c7d-ce > .kt-inside-inner-col > .aligncenter{width:100%;}.kadence-column47_d49c7d-ce > .kt-inside-inner-col:before{opacity:0.3;}.kadence-column47_d49c7d-ce{position:relative;}@media all and (max-width: 1024px){.kadence-column47_d49c7d-ce > .kt-inside-inner-col{flex-direction:column;justify-content:center;}}@media all and (max-width: 767px){.kadence-column47_d49c7d-ce > .kt-inside-inner-col{flex-direction:column;justify-content:center;}}<\/style>\n<div class=\"wp-block-kadence-column kadence-column47_d49c7d-ce\"><div class=\"kt-inside-inner-col\">\n<h2 class=\"wp-block-heading\">Premi\u00e8re ann\u00e9e commune&#8230;<\/h2>\n\n\n\n<p class=\"has-medium-font-size\">Pendant les deux premi\u00e8res sessions, tous les cours des deux programmes sont communs. Cela permet \u00e0 l&rsquo;\u00e9tudiant de d\u00e9couvrir la profession et d&rsquo;acqu\u00e9rir les outils de base en \u00e9lectronique et en t\u00e9l\u00e9communication. Il peut finalement faire le bon choix lorsqu&rsquo;arrive sa troisi\u00e8me session.<\/p>\n<\/div><\/div>\n\n<\/div><\/div>\n\n<style>.kb-row-layout-id47_b1feb1-be > .kt-row-column-wrap{align-content:start;}:where(.kb-row-layout-id47_b1feb1-be > .kt-row-column-wrap) > .wp-block-kadence-column{justify-content:start;}.kb-row-layout-id47_b1feb1-be > .kt-row-column-wrap{column-gap:var(--global-kb-gap-md, 2rem);row-gap:var(--global-kb-gap-md, 2rem);max-width:var( --global-content-width, 1290px );padding-left:var(--global-content-edge-padding);padding-right:var(--global-content-edge-padding);padding-top:var(--global-kb-spacing-sm, 1.5rem);padding-bottom:var(--global-kb-spacing-sm, 1.5rem);grid-template-columns:minmax(0, 2fr) minmax(0, 1fr);}.kb-row-layout-id47_b1feb1-be > .kt-row-layout-overlay{opacity:0.30;}@media all and (max-width: 1024px){.kb-row-layout-id47_b1feb1-be > .kt-row-column-wrap{grid-template-columns:minmax(0, 2fr) minmax(0, 1fr);}}@media all and (max-width: 767px){.kb-row-layout-id47_b1feb1-be > .kt-row-column-wrap{grid-template-columns:minmax(0, 1fr);}}<\/style><div class=\"kb-row-layout-wrap kb-row-layout-id47_b1feb1-be alignnone wp-block-kadence-rowlayout\"><div class=\"kt-row-column-wrap kt-has-2-columns kt-row-layout-left-golden kt-tab-layout-inherit kt-mobile-layout-row kt-row-valign-top kb-theme-content-width\">\n<style>.kadence-column47_f1fcf2-bc > .kt-inside-inner-col{display:flex;}.kadence-column47_f1fcf2-bc > .kt-inside-inner-col,.kadence-column47_f1fcf2-bc > .kt-inside-inner-col:before{border-top-left-radius:0px;border-top-right-radius:0px;border-bottom-right-radius:0px;border-bottom-left-radius:0px;}.kadence-column47_f1fcf2-bc > .kt-inside-inner-col{column-gap:var(--global-kb-gap-sm, 1rem);}.kadence-column47_f1fcf2-bc > .kt-inside-inner-col{flex-direction:column;justify-content:center;}.kadence-column47_f1fcf2-bc > .kt-inside-inner-col > .aligncenter{width:100%;}.kt-row-column-wrap > .kadence-column47_f1fcf2-bc{align-self:center;}.kt-inner-column-height-full:not(.kt-has-1-columns) > .wp-block-kadence-column.kadence-column47_f1fcf2-bc{align-self:auto;}.kt-inner-column-height-full:not(.kt-has-1-columns) > .wp-block-kadence-column.kadence-column47_f1fcf2-bc > .kt-inside-inner-col{flex-direction:column;justify-content:center;}.kadence-column47_f1fcf2-bc > .kt-inside-inner-col:before{opacity:0.3;}.kadence-column47_f1fcf2-bc{position:relative;}@media all and (max-width: 1024px){.kt-row-column-wrap > .kadence-column47_f1fcf2-bc{align-self:center;}}@media all and (max-width: 1024px){.kt-inner-column-height-full:not(.kt-has-1-columns) > .wp-block-kadence-column.kadence-column47_f1fcf2-bc{align-self:auto;}}@media all and (max-width: 1024px){.kt-inner-column-height-full:not(.kt-has-1-columns) > .wp-block-kadence-column.kadence-column47_f1fcf2-bc > .kt-inside-inner-col{flex-direction:column;justify-content:center;}}@media all and (max-width: 1024px){.kadence-column47_f1fcf2-bc > .kt-inside-inner-col{flex-direction:column;justify-content:center;}}@media all and (max-width: 767px){.kt-row-column-wrap > .kadence-column47_f1fcf2-bc{align-self:center;}.kt-inner-column-height-full:not(.kt-has-1-columns) > .wp-block-kadence-column.kadence-column47_f1fcf2-bc{align-self:auto;}.kt-inner-column-height-full:not(.kt-has-1-columns) > .wp-block-kadence-column.kadence-column47_f1fcf2-bc > .kt-inside-inner-col{flex-direction:column;justify-content:center;}.kadence-column47_f1fcf2-bc > .kt-inside-inner-col{flex-direction:column;justify-content:center;}}<\/style>\n<div class=\"wp-block-kadence-column kadence-column47_f1fcf2-bc\"><div class=\"kt-inside-inner-col\">\n<h2 class=\"wp-block-heading\">Alternance Travail-\u00c9tude<\/h2>\n\n\n\n<p class=\"has-medium-font-size\">Gr\u00e2ce aux stages Alternance Travail-\u00c9tude (ATE), les \u00e9tudiants combinent sessions d&rsquo;\u00e9tude et exp\u00e9riences significatives de travail en entreprise <mark style=\"background-color:rgba(0, 0, 0, 0)\" class=\"has-inline-color has-theme-palette-2-color\">d\u00e9s la premi\u00e8re ann\u00e9e !<\/mark><\/p>\n<\/div><\/div>\n\n\n<style>.kadence-column47_e68020-f6 > .kt-inside-inner-col{display:flex;}.kadence-column47_e68020-f6 > .kt-inside-inner-col,.kadence-column47_e68020-f6 > .kt-inside-inner-col:before{border-top-left-radius:0px;border-top-right-radius:0px;border-bottom-right-radius:0px;border-bottom-left-radius:0px;}.kadence-column47_e68020-f6 > .kt-inside-inner-col{column-gap:var(--global-kb-gap-sm, 1rem);}.kadence-column47_e68020-f6 > .kt-inside-inner-col{flex-direction:column;justify-content:center;}.kadence-column47_e68020-f6 > .kt-inside-inner-col > .aligncenter{width:100%;}.kt-row-column-wrap > .kadence-column47_e68020-f6{align-self:center;}.kt-inner-column-height-full:not(.kt-has-1-columns) > .wp-block-kadence-column.kadence-column47_e68020-f6{align-self:auto;}.kt-inner-column-height-full:not(.kt-has-1-columns) > .wp-block-kadence-column.kadence-column47_e68020-f6 > .kt-inside-inner-col{flex-direction:column;justify-content:center;}.kadence-column47_e68020-f6 > .kt-inside-inner-col:before{opacity:0.3;}.kadence-column47_e68020-f6{position:relative;}@media all and (max-width: 1024px){.kt-row-column-wrap > .kadence-column47_e68020-f6{align-self:center;}}@media all and (max-width: 1024px){.kt-inner-column-height-full:not(.kt-has-1-columns) > .wp-block-kadence-column.kadence-column47_e68020-f6{align-self:auto;}}@media all and (max-width: 1024px){.kt-inner-column-height-full:not(.kt-has-1-columns) > .wp-block-kadence-column.kadence-column47_e68020-f6 > .kt-inside-inner-col{flex-direction:column;justify-content:center;}}@media all and (max-width: 1024px){.kadence-column47_e68020-f6 > .kt-inside-inner-col{flex-direction:column;justify-content:center;}}@media all and (max-width: 767px){.kt-row-column-wrap > .kadence-column47_e68020-f6{align-self:center;}.kt-inner-column-height-full:not(.kt-has-1-columns) > .wp-block-kadence-column.kadence-column47_e68020-f6{align-self:auto;}.kt-inner-column-height-full:not(.kt-has-1-columns) > .wp-block-kadence-column.kadence-column47_e68020-f6 > .kt-inside-inner-col{flex-direction:column;justify-content:center;}.kadence-column47_e68020-f6 > .kt-inside-inner-col{flex-direction:column;justify-content:center;}}<\/style>\n<div class=\"wp-block-kadence-column kadence-column47_e68020-f6\"><div class=\"kt-inside-inner-col\">\n<figure class=\"wp-block-image size-full is-resized\"><img loading=\"lazy\" decoding=\"async\" width=\"400\" height=\"233\" src=\"https:\/\/tgemaisonneuve.com\/wp-content\/uploads\/2021\/11\/logo_10.png\" alt=\"\" class=\"wp-image-104\" style=\"width:400px;height:233px\" srcset=\"https:\/\/tgemaisonneuve.com\/wp-content\/uploads\/2021\/11\/logo_10.png 400w, https:\/\/tgemaisonneuve.com\/wp-content\/uploads\/2021\/11\/logo_10-300x175.png 300w\" sizes=\"auto, (max-width: 400px) 100vw, 400px\" \/><\/figure>\n<\/div><\/div>\n\n<\/div><\/div>","protected":false},"excerpt":{"rendered":"<p>Nos Programmes techniques Le d\u00e9partement de g\u00e9nie \u00e9lectrique propose actuellement deux programmes techniques qui m\u00e8nent \u00e0 l\u2019obtention d\u2019un Dipl\u00f4me d\u2019\u00c9tudes Coll\u00e9giales (DEC). \u00c9lectronique Programmable Ce programme offre une formation sp\u00e9cialis\u00e9e dans l\u2019\u00e9lectronique et la programmation, permettant aux \u00e9tudiants d\u2019acqu\u00e9rir des comp\u00e9tences avanc\u00e9es pour concevoir, d\u00e9velopper et d\u00e9panner des syst\u00e8mes \u00e9lectroniques programmables. R\u00e9seaux &amp; T\u00e9l\u00e9communications Ce&#8230;<\/p>\n","protected":false},"author":1,"featured_media":0,"parent":0,"menu_order":0,"comment_status":"closed","ping_status":"closed","template":"","meta":{"_kadence_starter_templates_imported_post":false,"_kad_post_transparent":"","_kad_post_title":"","_kad_post_layout":"","_kad_post_sidebar_id":"","_kad_post_content_style":"","_kad_post_vertical_padding":"","_kad_post_feature":"","_kad_post_feature_position":"","_kad_post_header":false,"_kad_post_footer":false,"_kad_post_classname":"","footnotes":""},"class_list":["post-47","page","type-page","status-publish","hentry"],"_links":{"self":[{"href":"https:\/\/tgemaisonneuve.com\/index.php\/wp-json\/wp\/v2\/pages\/47","targetHints":{"allow":["GET"]}}],"collection":[{"href":"https:\/\/tgemaisonneuve.com\/index.php\/wp-json\/wp\/v2\/pages"}],"about":[{"href":"https:\/\/tgemaisonneuve.com\/index.php\/wp-json\/wp\/v2\/types\/page"}],"author":[{"embeddable":true,"href":"https:\/\/tgemaisonneuve.com\/index.php\/wp-json\/wp\/v2\/users\/1"}],"replies":[{"embeddable":true,"href":"https:\/\/tgemaisonneuve.com\/index.php\/wp-json\/wp\/v2\/comments?post=47"}],"version-history":[{"count":22,"href":"https:\/\/tgemaisonneuve.com\/index.php\/wp-json\/wp\/v2\/pages\/47\/revisions"}],"predecessor-version":[{"id":1052,"href":"https:\/\/tgemaisonneuve.com\/index.php\/wp-json\/wp\/v2\/pages\/47\/revisions\/1052"}],"wp:attachment":[{"href":"https:\/\/tgemaisonneuve.com\/index.php\/wp-json\/wp\/v2\/media?parent=47"}],"curies":[{"name":"wp","href":"https:\/\/api.w.org\/{rel}","templated":true}]}}