{"id":820,"date":"2024-01-25T10:24:26","date_gmt":"2024-01-25T15:24:26","guid":{"rendered":"https:\/\/tgemaisonneuve.com\/?page_id=820"},"modified":"2026-01-24T23:14:56","modified_gmt":"2026-01-25T04:14:56","slug":"etudiants-actuels","status":"publish","type":"page","link":"https:\/\/tgemaisonneuve.com\/index.php\/etudiants-actuels\/","title":{"rendered":"\u00c9tudiants Actuels"},"content":{"rendered":"<style>.kb-row-layout-id820_3e853e-0b > .kt-row-column-wrap{align-content:start;}:where(.kb-row-layout-id820_3e853e-0b > .kt-row-column-wrap) > .wp-block-kadence-column{justify-content:start;}.kb-row-layout-id820_3e853e-0b > .kt-row-column-wrap{column-gap:var(--global-kb-gap-md, 2rem);row-gap:var(--global-kb-gap-md, 2rem);max-width:var( --global-content-width, 1290px );padding-left:var(--global-content-edge-padding);padding-right:var(--global-content-edge-padding);padding-top:150px;padding-bottom:60px;grid-template-columns:minmax(0, 1fr);}.kb-row-layout-id820_3e853e-0b{background-image:url('https:\/\/tgemaisonneuve.com\/wp-content\/uploads\/2021\/11\/dot-grid.jpg');background-size:auto;background-position:center center;background-attachment:scroll;background-repeat:repeat;}.kb-row-layout-id820_3e853e-0b > .kt-row-layout-overlay{opacity:1;background:linear-gradient(112deg,var(--global-palette1,#2B6CB0) 0%,var(--global-palette2,#265E9A) 100%);mix-blend-mode:multiply;}@media all and (max-width: 1024px){.kb-row-layout-id820_3e853e-0b > .kt-row-column-wrap{grid-template-columns:minmax(0, 1fr);}}@media all and (max-width: 767px){.kb-row-layout-id820_3e853e-0b > .kt-row-column-wrap{grid-template-columns:minmax(0, 1fr);}}<\/style><div class=\"kb-row-layout-wrap kb-row-layout-id820_3e853e-0b alignnone kt-row-has-bg wp-block-kadence-rowlayout\"><div class=\"kt-row-layout-overlay kt-row-overlay-gradient\"><\/div><div class=\"kt-row-column-wrap kt-has-1-columns kt-row-layout-equal kt-tab-layout-inherit kt-mobile-layout-row kt-row-valign-top kb-theme-content-width\">\n<style>.kadence-column820_b383c6-0f > .kt-inside-inner-col,.kadence-column820_b383c6-0f > .kt-inside-inner-col:before{border-top-left-radius:0px;border-top-right-radius:0px;border-bottom-right-radius:0px;border-bottom-left-radius:0px;}.kadence-column820_b383c6-0f > .kt-inside-inner-col{column-gap:var(--global-kb-gap-sm, 1rem);}.kadence-column820_b383c6-0f > .kt-inside-inner-col{flex-direction:column;}.kadence-column820_b383c6-0f > .kt-inside-inner-col > .aligncenter{width:100%;}.kadence-column820_b383c6-0f > .kt-inside-inner-col:before{opacity:0.3;}.kadence-column820_b383c6-0f{position:relative;}@media all and (max-width: 1024px){.kadence-column820_b383c6-0f > .kt-inside-inner-col{flex-direction:column;justify-content:center;}}@media all and (max-width: 767px){.kadence-column820_b383c6-0f > .kt-inside-inner-col{flex-direction:column;justify-content:center;}}<\/style>\n<div class=\"wp-block-kadence-column kadence-column820_b383c6-0f\"><div class=\"kt-inside-inner-col\">\n<h2 class=\"wp-block-heading has-theme-palette-9-color has-text-color\" style=\"text-transform:uppercase\">\u00c9tudiants Actuels<\/h2>\n<\/div><\/div>\n\n<\/div><\/div>\n\n<style>.kb-row-layout-id820_6a5840-73 > .kt-row-column-wrap{align-content:start;}:where(.kb-row-layout-id820_6a5840-73 > .kt-row-column-wrap) > .wp-block-kadence-column{justify-content:start;}.kb-row-layout-id820_6a5840-73 > .kt-row-column-wrap{column-gap:var(--global-kb-gap-md, 2rem);row-gap:var(--global-kb-gap-md, 2rem);max-width:var( --global-content-width, 1290px );padding-left:var(--global-content-edge-padding);padding-right:var(--global-content-edge-padding);padding-top:var(--global-kb-spacing-sm, 1.5rem);padding-bottom:var(--global-kb-spacing-sm, 1.5rem);grid-template-columns:minmax(0, 1fr);}.kb-row-layout-id820_6a5840-73 > .kt-row-layout-overlay{opacity:0.30;}@media all and (max-width: 1024px){.kb-row-layout-id820_6a5840-73 > .kt-row-column-wrap{grid-template-columns:minmax(0, 1fr);}}@media all and (max-width: 767px){.kb-row-layout-id820_6a5840-73 > .kt-row-column-wrap{grid-template-columns:minmax(0, 1fr);}}<\/style><div class=\"kb-row-layout-wrap kb-row-layout-id820_6a5840-73 alignnone wp-block-kadence-rowlayout\"><div class=\"kt-row-column-wrap kt-has-1-columns kt-row-layout-equal kt-tab-layout-inherit kt-mobile-layout-row kt-row-valign-top kb-theme-content-width\">\n<style>.kadence-column820_28b7e1-42 > .kt-inside-inner-col,.kadence-column820_28b7e1-42 > .kt-inside-inner-col:before{border-top-left-radius:0px;border-top-right-radius:0px;border-bottom-right-radius:0px;border-bottom-left-radius:0px;}.kadence-column820_28b7e1-42 > .kt-inside-inner-col{column-gap:var(--global-kb-gap-sm, 1rem);}.kadence-column820_28b7e1-42 > .kt-inside-inner-col{flex-direction:column;}.kadence-column820_28b7e1-42 > .kt-inside-inner-col > .aligncenter{width:100%;}.kadence-column820_28b7e1-42 > .kt-inside-inner-col:before{opacity:0.3;}.kadence-column820_28b7e1-42{position:relative;}@media all and (max-width: 1024px){.kadence-column820_28b7e1-42 > .kt-inside-inner-col{flex-direction:column;justify-content:center;}}@media all and (max-width: 767px){.kadence-column820_28b7e1-42 > .kt-inside-inner-col{flex-direction:column;justify-content:center;}}<\/style>\n<div class=\"wp-block-kadence-column kadence-column820_28b7e1-42\"><div class=\"kt-inside-inner-col\">\n<p>Chers \u00e9tudiants, nous sommes en train de peaufiner votre espace en ligne d\u00e9di\u00e9. Anticipez des d\u00e9tails sur vos cours, ressources acad\u00e9miques, vie sur le campus, et bien d&rsquo;autres sujets. En attendant, n&rsquo;h\u00e9sitez pas \u00e0 nous contacter via la section &lsquo;Contact&rsquo; si vous avez des pr\u00e9occupations imm\u00e9diates ou des suggestions.<\/p>\n\n\n\n<h2 class=\"wp-block-heading\">Documents importants<\/h2>\n\n\n\n<p><a href=\"https:\/\/tgemaisonneuve.com\/wp-content\/uploads\/2026\/01\/PDEA-2025-2026.pdf\">Politique d\u00e9partementale d\u2019\u00e9valuation des apprentissages<\/a><\/p>\n<\/div><\/div>\n\n<\/div><\/div>\n\n\n<p><\/p>\n","protected":false},"excerpt":{"rendered":"<p>\u00c9tudiants Actuels Chers \u00e9tudiants, nous sommes en train de peaufiner votre espace en ligne d\u00e9di\u00e9. Anticipez des d\u00e9tails sur vos cours, ressources acad\u00e9miques, vie sur le campus, et bien d&rsquo;autres sujets. En attendant, n&rsquo;h\u00e9sitez pas \u00e0 nous contacter via la section &lsquo;Contact&rsquo; si vous avez des pr\u00e9occupations imm\u00e9diates ou des suggestions. Documents importants Politique d\u00e9partementale&#8230;<\/p>\n","protected":false},"author":1,"featured_media":0,"parent":0,"menu_order":0,"comment_status":"closed","ping_status":"closed","template":"","meta":{"_kadence_starter_templates_imported_post":false,"_kad_post_transparent":"","_kad_post_title":"","_kad_post_layout":"","_kad_post_sidebar_id":"","_kad_post_content_style":"","_kad_post_vertical_padding":"","_kad_post_feature":"","_kad_post_feature_position":"","_kad_post_header":false,"_kad_post_footer":false,"_kad_post_classname":"","footnotes":""},"class_list":["post-820","page","type-page","status-publish","hentry"],"_links":{"self":[{"href":"https:\/\/tgemaisonneuve.com\/index.php\/wp-json\/wp\/v2\/pages\/820","targetHints":{"allow":["GET"]}}],"collection":[{"href":"https:\/\/tgemaisonneuve.com\/index.php\/wp-json\/wp\/v2\/pages"}],"about":[{"href":"https:\/\/tgemaisonneuve.com\/index.php\/wp-json\/wp\/v2\/types\/page"}],"author":[{"embeddable":true,"href":"https:\/\/tgemaisonneuve.com\/index.php\/wp-json\/wp\/v2\/users\/1"}],"replies":[{"embeddable":true,"href":"https:\/\/tgemaisonneuve.com\/index.php\/wp-json\/wp\/v2\/comments?post=820"}],"version-history":[{"count":4,"href":"https:\/\/tgemaisonneuve.com\/index.php\/wp-json\/wp\/v2\/pages\/820\/revisions"}],"predecessor-version":[{"id":2461,"href":"https:\/\/tgemaisonneuve.com\/index.php\/wp-json\/wp\/v2\/pages\/820\/revisions\/2461"}],"wp:attachment":[{"href":"https:\/\/tgemaisonneuve.com\/index.php\/wp-json\/wp\/v2\/media?parent=820"}],"curies":[{"name":"wp","href":"https:\/\/api.w.org\/{rel}","templated":true}]}}