{"id":821,"date":"2024-01-25T10:24:26","date_gmt":"2024-01-25T15:24:26","guid":{"rendered":"https:\/\/tgemaisonneuve.com\/?page_id=821"},"modified":"2024-01-26T16:19:55","modified_gmt":"2024-01-26T21:19:55","slug":"anciens-etudiants","status":"publish","type":"page","link":"https:\/\/tgemaisonneuve.com\/index.php\/anciens-etudiants\/","title":{"rendered":"Anciens \u00c9tudiants"},"content":{"rendered":"<style>.kb-row-layout-id821_6bc8cf-b3 > .kt-row-column-wrap{align-content:start;}:where(.kb-row-layout-id821_6bc8cf-b3 > .kt-row-column-wrap) > .wp-block-kadence-column{justify-content:start;}.kb-row-layout-id821_6bc8cf-b3 > .kt-row-column-wrap{column-gap:var(--global-kb-gap-md, 2rem);row-gap:var(--global-kb-gap-md, 2rem);max-width:var( --global-content-width, 1290px );padding-left:var(--global-content-edge-padding);padding-right:var(--global-content-edge-padding);padding-top:150px;padding-bottom:60px;grid-template-columns:minmax(0, 1fr);}.kb-row-layout-id821_6bc8cf-b3{background-image:url('https:\/\/tgemaisonneuve.com\/wp-content\/uploads\/2021\/11\/dot-grid.jpg');background-size:auto;background-position:center center;background-attachment:scroll;background-repeat:repeat;}.kb-row-layout-id821_6bc8cf-b3 > .kt-row-layout-overlay{opacity:1;background:linear-gradient(112deg,var(--global-palette1,#2B6CB0) 0%,var(--global-palette2,#265E9A) 100%);mix-blend-mode:multiply;}@media all and (max-width: 1024px){.kb-row-layout-id821_6bc8cf-b3 > .kt-row-column-wrap{grid-template-columns:minmax(0, 1fr);}}@media all and (max-width: 767px){.kb-row-layout-id821_6bc8cf-b3 > .kt-row-column-wrap{grid-template-columns:minmax(0, 1fr);}}<\/style><div class=\"kb-row-layout-wrap kb-row-layout-id821_6bc8cf-b3 alignnone kt-row-has-bg wp-block-kadence-rowlayout\"><div class=\"kt-row-layout-overlay kt-row-overlay-gradient\"><\/div><div class=\"kt-row-column-wrap kt-has-1-columns kt-row-layout-equal kt-tab-layout-inherit kt-mobile-layout-row kt-row-valign-top kb-theme-content-width\">\n<style>.kadence-column821_be0551-9b > .kt-inside-inner-col,.kadence-column821_be0551-9b > .kt-inside-inner-col:before{border-top-left-radius:0px;border-top-right-radius:0px;border-bottom-right-radius:0px;border-bottom-left-radius:0px;}.kadence-column821_be0551-9b > .kt-inside-inner-col{column-gap:var(--global-kb-gap-sm, 1rem);}.kadence-column821_be0551-9b > .kt-inside-inner-col{flex-direction:column;}.kadence-column821_be0551-9b > .kt-inside-inner-col > .aligncenter{width:100%;}.kadence-column821_be0551-9b > .kt-inside-inner-col:before{opacity:0.3;}.kadence-column821_be0551-9b{position:relative;}@media all and (max-width: 1024px){.kadence-column821_be0551-9b > .kt-inside-inner-col{flex-direction:column;justify-content:center;}}@media all and (max-width: 767px){.kadence-column821_be0551-9b > .kt-inside-inner-col{flex-direction:column;justify-content:center;}}<\/style>\n<div class=\"wp-block-kadence-column kadence-column821_be0551-9b\"><div class=\"kt-inside-inner-col\">\n<h2 class=\"wp-block-heading has-theme-palette-9-color has-text-color\" style=\"text-transform:uppercase\">Anciens \u00c9tudiants<\/h2>\n<\/div><\/div>\n\n<\/div><\/div>\n\n<style>.kb-row-layout-id821_b20a54-59 > .kt-row-column-wrap{align-content:start;}:where(.kb-row-layout-id821_b20a54-59 > .kt-row-column-wrap) > .wp-block-kadence-column{justify-content:start;}.kb-row-layout-id821_b20a54-59 > .kt-row-column-wrap{column-gap:var(--global-kb-gap-md, 2rem);row-gap:var(--global-kb-gap-md, 2rem);max-width:var( --global-content-width, 1290px );padding-left:var(--global-content-edge-padding);padding-right:var(--global-content-edge-padding);padding-top:var(--global-kb-spacing-sm, 1.5rem);padding-bottom:var(--global-kb-spacing-sm, 1.5rem);grid-template-columns:minmax(0, 1fr);}.kb-row-layout-id821_b20a54-59 > .kt-row-layout-overlay{opacity:0.30;}@media all and (max-width: 1024px){.kb-row-layout-id821_b20a54-59 > .kt-row-column-wrap{grid-template-columns:minmax(0, 1fr);}}@media all and (max-width: 767px){.kb-row-layout-id821_b20a54-59 > .kt-row-column-wrap{grid-template-columns:minmax(0, 1fr);}}<\/style><div class=\"kb-row-layout-wrap kb-row-layout-id821_b20a54-59 alignnone wp-block-kadence-rowlayout\"><div class=\"kt-row-column-wrap kt-has-1-columns kt-row-layout-equal kt-tab-layout-inherit kt-mobile-layout-row kt-row-valign-top kb-theme-content-width\">\n<style>.kadence-column821_71dad2-0b > .kt-inside-inner-col,.kadence-column821_71dad2-0b > .kt-inside-inner-col:before{border-top-left-radius:0px;border-top-right-radius:0px;border-bottom-right-radius:0px;border-bottom-left-radius:0px;}.kadence-column821_71dad2-0b > .kt-inside-inner-col{column-gap:var(--global-kb-gap-sm, 1rem);}.kadence-column821_71dad2-0b > .kt-inside-inner-col{flex-direction:column;}.kadence-column821_71dad2-0b > .kt-inside-inner-col > .aligncenter{width:100%;}.kadence-column821_71dad2-0b > .kt-inside-inner-col:before{opacity:0.3;}.kadence-column821_71dad2-0b{position:relative;}@media all and (max-width: 1024px){.kadence-column821_71dad2-0b > .kt-inside-inner-col{flex-direction:column;justify-content:center;}}@media all and (max-width: 767px){.kadence-column821_71dad2-0b > .kt-inside-inner-col{flex-direction:column;justify-content:center;}}<\/style>\n<div class=\"wp-block-kadence-column kadence-column821_71dad2-0b\"><div class=\"kt-inside-inner-col\">\n<p>Nous c\u00e9l\u00e9brons les r\u00e9ussites pass\u00e9es tout en encourageant une connexion continue entre les membres de notre communaut\u00e9 \u00e9tendue. Si vous avez jadis \u00e9t\u00e9 un \u00e9tudiant au sein de notre d\u00e9partement, cette page est votre point central pour rester inform\u00e9, engag\u00e9 et connect\u00e9.<\/p>\n\n\n\n<p><strong>Rejoignez notre Groupe LinkedIn :<\/strong><\/p>\n\n\n\n<p>La connexion ne s&rsquo;arr\u00eate pas \u00e0 la remise des dipl\u00f4mes. Nous vous invitons chaleureusement \u00e0 rejoindre notre groupe LinkedIn exclusif pour les anciens \u00e9tudiants du G\u00e9nie \u00c9lectrique. C&rsquo;est l&rsquo;endroit id\u00e9al pour \u00e9largir votre r\u00e9seau professionnel, partager vos exp\u00e9riences et rester inform\u00e9 sur les actualit\u00e9s et les \u00e9v\u00e9nements du d\u00e9partement.<\/p>\n\n\n\n<div class=\"wp-block-buttons is-content-justification-center is-layout-flex wp-container-core-buttons-is-layout-16018d1d wp-block-buttons-is-layout-flex\">\n<div class=\"wp-block-button\"><a class=\"wp-block-button__link wp-element-button\" href=\"https:\/\/www.linkedin.com\/groups\/14244603\/\" target=\"_blank\" rel=\"noreferrer noopener\">Rejoindre le groupe LinkedIn des anciens \u00e9tudiants<\/a><\/div>\n<\/div>\n\n\n\n<p><strong>Avantages de Rejoindre Notre Groupe :<\/strong><\/p>\n\n\n\n<ul class=\"wp-block-list\">\n<li><strong>R\u00e9seautage Professionnel :<\/strong> \u00c9largissez votre r\u00e9seau en vous connectant avec d&rsquo;autres anciens \u00e9tudiants et des professionnels du secteur.<\/li>\n\n\n\n<li><strong>Actualit\u00e9s et \u00c9v\u00e9nements :<\/strong> Restez inform\u00e9 sur les actualit\u00e9s du d\u00e9partement, les \u00e9v\u00e9nements \u00e0 venir et les opportunit\u00e9s professionnelles.<\/li>\n\n\n\n<li><strong>Partage d&rsquo;Exp\u00e9rience :<\/strong> Partagez vos connaissances et exp\u00e9riences professionnelles avec la nouvelle g\u00e9n\u00e9ration d&rsquo;\u00e9tudiants.<\/li>\n\n\n\n<li><strong>Opportunit\u00e9s d&rsquo;Engagement :<\/strong> Soyez inform\u00e9 des opportunit\u00e9s d&rsquo;engagement, de mentorat et d&rsquo;implication au sein du d\u00e9partement.<\/li>\n<\/ul>\n\n\n\n<p>Nous sommes convaincus que votre exp\u00e9rience et votre expertise peuvent inspirer et guider nos \u00e9tudiants actuels. Rejoignez-nous sur LinkedIn, et contribuons ensemble \u00e0 fa\u00e7onner l&rsquo;avenir du g\u00e9nie \u00e9lectrique.<\/p>\n\n\n\n<p>Restons connect\u00e9s et continuons \u00e0 grandir ensemble !<\/p>\n<\/div><\/div>\n\n<\/div><\/div>\n\n\n<p><\/p>\n","protected":false},"excerpt":{"rendered":"<p>Anciens \u00c9tudiants Nous c\u00e9l\u00e9brons les r\u00e9ussites pass\u00e9es tout en encourageant une connexion continue entre les membres de notre communaut\u00e9 \u00e9tendue. Si vous avez jadis \u00e9t\u00e9 un \u00e9tudiant au sein de notre d\u00e9partement, cette page est votre point central pour rester inform\u00e9, engag\u00e9 et connect\u00e9. Rejoignez notre Groupe LinkedIn : La connexion ne s&rsquo;arr\u00eate pas \u00e0&#8230;<\/p>\n","protected":false},"author":1,"featured_media":0,"parent":0,"menu_order":0,"comment_status":"closed","ping_status":"closed","template":"","meta":{"_kadence_starter_templates_imported_post":false,"_kad_post_transparent":"","_kad_post_title":"","_kad_post_layout":"","_kad_post_sidebar_id":"","_kad_post_content_style":"","_kad_post_vertical_padding":"","_kad_post_feature":"","_kad_post_feature_position":"","_kad_post_header":false,"_kad_post_footer":false,"_kad_post_classname":"","footnotes":""},"class_list":["post-821","page","type-page","status-publish","hentry"],"_links":{"self":[{"href":"https:\/\/tgemaisonneuve.com\/index.php\/wp-json\/wp\/v2\/pages\/821","targetHints":{"allow":["GET"]}}],"collection":[{"href":"https:\/\/tgemaisonneuve.com\/index.php\/wp-json\/wp\/v2\/pages"}],"about":[{"href":"https:\/\/tgemaisonneuve.com\/index.php\/wp-json\/wp\/v2\/types\/page"}],"author":[{"embeddable":true,"href":"https:\/\/tgemaisonneuve.com\/index.php\/wp-json\/wp\/v2\/users\/1"}],"replies":[{"embeddable":true,"href":"https:\/\/tgemaisonneuve.com\/index.php\/wp-json\/wp\/v2\/comments?post=821"}],"version-history":[{"count":3,"href":"https:\/\/tgemaisonneuve.com\/index.php\/wp-json\/wp\/v2\/pages\/821\/revisions"}],"predecessor-version":[{"id":880,"href":"https:\/\/tgemaisonneuve.com\/index.php\/wp-json\/wp\/v2\/pages\/821\/revisions\/880"}],"wp:attachment":[{"href":"https:\/\/tgemaisonneuve.com\/index.php\/wp-json\/wp\/v2\/media?parent=821"}],"curies":[{"name":"wp","href":"https:\/\/api.w.org\/{rel}","templated":true}]}}