{"id":822,"date":"2024-01-25T10:24:26","date_gmt":"2024-01-25T15:24:26","guid":{"rendered":"https:\/\/tgemaisonneuve.com\/?page_id=822"},"modified":"2024-01-25T10:40:25","modified_gmt":"2024-01-25T15:40:25","slug":"partenaires-internationaux","status":"publish","type":"page","link":"https:\/\/tgemaisonneuve.com\/index.php\/partenaires-internationaux\/","title":{"rendered":"Partenaires Internationaux"},"content":{"rendered":"<style>.kb-row-layout-id822_c2f1d0-8a > .kt-row-column-wrap{align-content:start;}:where(.kb-row-layout-id822_c2f1d0-8a > .kt-row-column-wrap) > .wp-block-kadence-column{justify-content:start;}.kb-row-layout-id822_c2f1d0-8a > .kt-row-column-wrap{column-gap:var(--global-kb-gap-md, 2rem);row-gap:var(--global-kb-gap-md, 2rem);max-width:var( --global-content-width, 1290px );padding-left:var(--global-content-edge-padding);padding-right:var(--global-content-edge-padding);padding-top:150px;padding-bottom:60px;grid-template-columns:minmax(0, 1fr);}.kb-row-layout-id822_c2f1d0-8a{background-image:url('https:\/\/tgemaisonneuve.com\/wp-content\/uploads\/2021\/11\/dot-grid.jpg');background-size:auto;background-position:center center;background-attachment:scroll;background-repeat:repeat;}.kb-row-layout-id822_c2f1d0-8a > .kt-row-layout-overlay{opacity:1;background:linear-gradient(112deg,var(--global-palette1,#2B6CB0) 0%,var(--global-palette2,#265E9A) 100%);mix-blend-mode:multiply;}@media all and (max-width: 1024px){.kb-row-layout-id822_c2f1d0-8a > .kt-row-column-wrap{grid-template-columns:minmax(0, 1fr);}}@media all and (max-width: 767px){.kb-row-layout-id822_c2f1d0-8a > .kt-row-column-wrap{grid-template-columns:minmax(0, 1fr);}}<\/style><div class=\"kb-row-layout-wrap kb-row-layout-id822_c2f1d0-8a alignnone kt-row-has-bg wp-block-kadence-rowlayout\"><div class=\"kt-row-layout-overlay kt-row-overlay-gradient\"><\/div><div class=\"kt-row-column-wrap kt-has-1-columns kt-row-layout-equal kt-tab-layout-inherit kt-mobile-layout-row kt-row-valign-top kb-theme-content-width\">\n<style>.kadence-column822_761d70-3f > .kt-inside-inner-col,.kadence-column822_761d70-3f > .kt-inside-inner-col:before{border-top-left-radius:0px;border-top-right-radius:0px;border-bottom-right-radius:0px;border-bottom-left-radius:0px;}.kadence-column822_761d70-3f > .kt-inside-inner-col{column-gap:var(--global-kb-gap-sm, 1rem);}.kadence-column822_761d70-3f > .kt-inside-inner-col{flex-direction:column;}.kadence-column822_761d70-3f > .kt-inside-inner-col > .aligncenter{width:100%;}.kadence-column822_761d70-3f > .kt-inside-inner-col:before{opacity:0.3;}.kadence-column822_761d70-3f{position:relative;}@media all and (max-width: 1024px){.kadence-column822_761d70-3f > .kt-inside-inner-col{flex-direction:column;justify-content:center;}}@media all and (max-width: 767px){.kadence-column822_761d70-3f > .kt-inside-inner-col{flex-direction:column;justify-content:center;}}<\/style>\n<div class=\"wp-block-kadence-column kadence-column822_761d70-3f\"><div class=\"kt-inside-inner-col\">\n<h2 class=\"wp-block-heading has-theme-palette-9-color has-text-color\" style=\"text-transform:uppercase\">Partenaires Internationaux<\/h2>\n<\/div><\/div>\n\n<\/div><\/div>\n\n<style>.kb-row-layout-id822_fc2336-12 > .kt-row-column-wrap{align-content:start;}:where(.kb-row-layout-id822_fc2336-12 > .kt-row-column-wrap) > .wp-block-kadence-column{justify-content:start;}.kb-row-layout-id822_fc2336-12 > .kt-row-column-wrap{column-gap:var(--global-kb-gap-md, 2rem);row-gap:var(--global-kb-gap-md, 2rem);max-width:var( --global-content-width, 1290px );padding-left:var(--global-content-edge-padding);padding-right:var(--global-content-edge-padding);padding-top:var(--global-kb-spacing-sm, 1.5rem);padding-bottom:var(--global-kb-spacing-sm, 1.5rem);grid-template-columns:minmax(0, 1fr);}.kb-row-layout-id822_fc2336-12 > .kt-row-layout-overlay{opacity:0.30;}@media all and (max-width: 1024px){.kb-row-layout-id822_fc2336-12 > .kt-row-column-wrap{grid-template-columns:minmax(0, 1fr);}}@media all and (max-width: 767px){.kb-row-layout-id822_fc2336-12 > .kt-row-column-wrap{grid-template-columns:minmax(0, 1fr);}}<\/style><div class=\"kb-row-layout-wrap kb-row-layout-id822_fc2336-12 alignnone wp-block-kadence-rowlayout\"><div class=\"kt-row-column-wrap kt-has-1-columns kt-row-layout-equal kt-tab-layout-inherit kt-mobile-layout-row kt-row-valign-top kb-theme-content-width\">\n<style>.kadence-column822_cceac8-5a > .kt-inside-inner-col,.kadence-column822_cceac8-5a > .kt-inside-inner-col:before{border-top-left-radius:0px;border-top-right-radius:0px;border-bottom-right-radius:0px;border-bottom-left-radius:0px;}.kadence-column822_cceac8-5a > .kt-inside-inner-col{column-gap:var(--global-kb-gap-sm, 1rem);}.kadence-column822_cceac8-5a > .kt-inside-inner-col{flex-direction:column;}.kadence-column822_cceac8-5a > .kt-inside-inner-col > .aligncenter{width:100%;}.kadence-column822_cceac8-5a > .kt-inside-inner-col:before{opacity:0.3;}.kadence-column822_cceac8-5a{position:relative;}@media all and (max-width: 1024px){.kadence-column822_cceac8-5a > .kt-inside-inner-col{flex-direction:column;justify-content:center;}}@media all and (max-width: 767px){.kadence-column822_cceac8-5a > .kt-inside-inner-col{flex-direction:column;justify-content:center;}}<\/style>\n<div class=\"wp-block-kadence-column kadence-column822_cceac8-5a\"><div class=\"kt-inside-inner-col\">\n<p>Chers partenaires internationaux, une page d\u00e9di\u00e9e est en cours de construction pour pr\u00e9senter nos programmes d&rsquo;\u00e9change et nos projets collaboratifs. Restez inform\u00e9s sur les opportunit\u00e9s de coop\u00e9ration \u00e0 venir. Pour discuter davantage ou partager vos id\u00e9es, veuillez nous contacter via la section &lsquo;Contact&rsquo;.<\/p>\n<\/div><\/div>\n\n<\/div><\/div>","protected":false},"excerpt":{"rendered":"<p>Partenaires Internationaux Chers partenaires internationaux, une page d\u00e9di\u00e9e est en cours de construction pour pr\u00e9senter nos programmes d&rsquo;\u00e9change et nos projets collaboratifs. Restez inform\u00e9s sur les opportunit\u00e9s de coop\u00e9ration \u00e0 venir. Pour discuter davantage ou partager vos id\u00e9es, veuillez nous contacter via la section &lsquo;Contact&rsquo;.<\/p>\n","protected":false},"author":1,"featured_media":0,"parent":0,"menu_order":0,"comment_status":"closed","ping_status":"closed","template":"","meta":{"_kadence_starter_templates_imported_post":false,"_kad_post_transparent":"","_kad_post_title":"","_kad_post_layout":"","_kad_post_sidebar_id":"","_kad_post_content_style":"","_kad_post_vertical_padding":"","_kad_post_feature":"","_kad_post_feature_position":"","_kad_post_header":false,"_kad_post_footer":false,"_kad_post_classname":"","footnotes":""},"class_list":["post-822","page","type-page","status-publish","hentry"],"_links":{"self":[{"href":"https:\/\/tgemaisonneuve.com\/index.php\/wp-json\/wp\/v2\/pages\/822","targetHints":{"allow":["GET"]}}],"collection":[{"href":"https:\/\/tgemaisonneuve.com\/index.php\/wp-json\/wp\/v2\/pages"}],"about":[{"href":"https:\/\/tgemaisonneuve.com\/index.php\/wp-json\/wp\/v2\/types\/page"}],"author":[{"embeddable":true,"href":"https:\/\/tgemaisonneuve.com\/index.php\/wp-json\/wp\/v2\/users\/1"}],"replies":[{"embeddable":true,"href":"https:\/\/tgemaisonneuve.com\/index.php\/wp-json\/wp\/v2\/comments?post=822"}],"version-history":[{"count":2,"href":"https:\/\/tgemaisonneuve.com\/index.php\/wp-json\/wp\/v2\/pages\/822\/revisions"}],"predecessor-version":[{"id":851,"href":"https:\/\/tgemaisonneuve.com\/index.php\/wp-json\/wp\/v2\/pages\/822\/revisions\/851"}],"wp:attachment":[{"href":"https:\/\/tgemaisonneuve.com\/index.php\/wp-json\/wp\/v2\/media?parent=822"}],"curies":[{"name":"wp","href":"https:\/\/api.w.org\/{rel}","templated":true}]}}